{"id":1904,"date":"2023-05-17T20:03:32","date_gmt":"2023-05-17T20:03:32","guid":{"rendered":"https:\/\/compasshub.eu\/fr\/?page_id=1904"},"modified":"2023-10-14T18:24:33","modified_gmt":"2023-10-14T18:24:33","slug":"powiedz-nam-cos-o-sobie","status":"publish","type":"page","link":"https:\/\/compasshub.eu\/fr\/powiedz-nam-cos-o-sobie\/","title":{"rendered":"Powiedz nam co\u015b o sobie"},"content":{"rendered":"\t\t<div data-elementor-type=\"wp-page\" data-elementor-id=\"1904\" class=\"elementor elementor-1904\">\n\t\t\t\t\t\t\t\t\t<section class=\"elementor-section elementor-top-section elementor-element elementor-element-ada81f3 elementor-section-boxed elementor-section-height-default elementor-section-height-default\" data-id=\"ada81f3\" data-element_type=\"section\">\n\t\t\t\t\t\t<div class=\"elementor-container elementor-column-gap-default\">\n\t\t\t\t\t<div class=\"elementor-column elementor-col-100 elementor-top-column elementor-element elementor-element-3ce15c6\" data-id=\"3ce15c6\" data-element_type=\"column\">\n\t\t\t<div class=\"elementor-widget-wrap elementor-element-populated\">\n\t\t\t\t\t\t\t\t<div class=\"elementor-element elementor-element-26a64a8 elementor-widget elementor-widget-spacer\" data-id=\"26a64a8\" data-element_type=\"widget\" data-widget_type=\"spacer.default\">\n\t\t\t\t<div class=\"elementor-widget-container\">\n\t\t\t<style>\/*! elementor - v3.13.2 - 11-05-2023 *\/\n.elementor-column .elementor-spacer-inner{height:var(--spacer-size)}.e-con{--container-widget-width:100%}.e-con-inner>.elementor-widget-spacer,.e-con>.elementor-widget-spacer{width:var(--container-widget-width,var(--spacer-size));--align-self:var(--container-widget-align-self,initial);--flex-shrink:0}.e-con-inner>.elementor-widget-spacer>.elementor-widget-container,.e-con-inner>.elementor-widget-spacer>.elementor-widget-container>.elementor-spacer,.e-con>.elementor-widget-spacer>.elementor-widget-container,.e-con>.elementor-widget-spacer>.elementor-widget-container>.elementor-spacer{height:100%}.e-con-inner>.elementor-widget-spacer>.elementor-widget-container>.elementor-spacer>.elementor-spacer-inner,.e-con>.elementor-widget-spacer>.elementor-widget-container>.elementor-spacer>.elementor-spacer-inner{height:var(--container-widget-height,var(--spacer-size))}<\/style>\t\t<div class=\"elementor-spacer\">\n\t\t\t<div class=\"elementor-spacer-inner\"><\/div>\n\t\t<\/div>\n\t\t\t\t<\/div>\n\t\t\t\t<\/div>\n\t\t\t\t<div class=\"elementor-element elementor-element-7b149d1 elementor-widget elementor-widget-text-editor\" data-id=\"7b149d1\" data-element_type=\"widget\" data-widget_type=\"text-editor.default\">\n\t\t\t\t<div class=\"elementor-widget-container\">\n\t\t\t<style>\/*! elementor - v3.13.2 - 11-05-2023 *\/\n.elementor-widget-text-editor.elementor-drop-cap-view-stacked .elementor-drop-cap{background-color:#69727d;color:#fff}.elementor-widget-text-editor.elementor-drop-cap-view-framed .elementor-drop-cap{color:#69727d;border:3px solid;background-color:transparent}.elementor-widget-text-editor:not(.elementor-drop-cap-view-default) .elementor-drop-cap{margin-top:8px}.elementor-widget-text-editor:not(.elementor-drop-cap-view-default) .elementor-drop-cap-letter{width:1em;height:1em}.elementor-widget-text-editor .elementor-drop-cap{float:left;text-align:center;line-height:1;font-size:50px}.elementor-widget-text-editor .elementor-drop-cap-letter{display:inline-block}<\/style>\t\t\t\t<p>Le projet qui a d\u00e9velopp\u00e9 cet outil interactif vise \u00e0 aborder le sujet de la vuln\u00e9rabilit\u00e9 populiste en explorant les perceptions li\u00e9es \u00e0 la politique dans le contexte de la pand\u00e9mie de COVID-19 et de la guerre en Ukraine.<\/p><p>Le projet a \u00e9t\u00e9 remport\u00e9 lors d&#8217;un concours national et est financ\u00e9 par le minist\u00e8re roumain de la Recherche, de l&#8217;Innovation et de la Num\u00e9risation, sous le num\u00e9ro de projet PN-III-P1-1.1-PD-2021-0267.v<\/p><p>Plus d&#8217;informations sur le projet (en anglais) peuvent \u00eatre trouv\u00e9es ici: https:\/\/www.busolapolitica.ro\/<\/p>\t\t\t\t\t\t<\/div>\n\t\t\t\t<\/div>\n\t\t\t\t<div class=\"elementor-element elementor-element-db45605 elementor-widget elementor-widget-spacer\" data-id=\"db45605\" data-element_type=\"widget\" data-widget_type=\"spacer.default\">\n\t\t\t\t<div class=\"elementor-widget-container\">\n\t\t\t\t\t<div class=\"elementor-spacer\">\n\t\t\t<div class=\"elementor-spacer-inner\"><\/div>\n\t\t<\/div>\n\t\t\t\t<\/div>\n\t\t\t\t<\/div>\n\t\t\t\t\t<\/div>\n\t\t<\/div>\n\t\t\t\t\t\t\t<\/div>\n\t\t<\/section>\n\t\t\t\t<section class=\"elementor-section elementor-top-section elementor-element elementor-element-32ba6c7 elementor-section-full_width elementor-section-height-default elementor-section-height-default\" data-id=\"32ba6c7\" data-element_type=\"section\">\n\t\t\t\t\t\t<div class=\"elementor-container elementor-column-gap-default\">\n\t\t\t\t\t<div class=\"elementor-column elementor-col-100 elementor-top-column elementor-element elementor-element-e875a31\" data-id=\"e875a31\" data-element_type=\"column\">\n\t\t\t<div class=\"elementor-widget-wrap elementor-element-populated\">\n\t\t\t\t\t\t\t\t<div class=\"elementor-element elementor-element-997595f elementor-widget elementor-widget-spacer\" data-id=\"997595f\" data-element_type=\"widget\" data-widget_type=\"spacer.default\">\n\t\t\t\t<div class=\"elementor-widget-container\">\n\t\t\t\t\t<div class=\"elementor-spacer\">\n\t\t\t<div class=\"elementor-spacer-inner\"><\/div>\n\t\t<\/div>\n\t\t\t\t<\/div>\n\t\t\t\t<\/div>\n\t\t\t\t\t<\/div>\n\t\t<\/div>\n\t\t\t\t\t\t\t<\/div>\n\t\t<\/section>\n\t\t\t\t<section class=\"elementor-section elementor-top-section elementor-element elementor-element-75a9f28 elementor-section-boxed elementor-section-height-default elementor-section-height-default\" data-id=\"75a9f28\" data-element_type=\"section\">\n\t\t\t\t\t\t<div class=\"elementor-container elementor-column-gap-default\">\n\t\t\t\t\t<div class=\"elementor-column elementor-col-100 elementor-top-column elementor-element elementor-element-a33c822\" data-id=\"a33c822\" data-element_type=\"column\">\n\t\t\t<div class=\"elementor-widget-wrap\">\n\t\t\t\t\t\t\t\t\t<\/div>\n\t\t<\/div>\n\t\t\t\t\t\t\t<\/div>\n\t\t<\/section>\n\t\t\t\t\t\t\t<\/div>\n\t\t","protected":false},"excerpt":{"rendered":"<p>Le projet qui a d\u00e9velopp\u00e9 cet outil interactif vise \u00e0 aborder le sujet de la&#8230; <\/p>\n<div class=\"readmore\"><a href=\"https:\/\/compasshub.eu\/fr\/powiedz-nam-cos-o-sobie\/\" class=\"lnk-default2\">View more<i class=\"la la-arrow-right\"><\/i><\/a><\/div>\n","protected":false},"author":1,"featured_media":0,"parent":0,"menu_order":0,"comment_status":"closed","ping_status":"closed","template":"elementor_header_footer","meta":[],"acf":[],"_links":{"self":[{"href":"https:\/\/compasshub.eu\/fr\/wp-json\/wp\/v2\/pages\/1904"}],"collection":[{"href":"https:\/\/compasshub.eu\/fr\/wp-json\/wp\/v2\/pages"}],"about":[{"href":"https:\/\/compasshub.eu\/fr\/wp-json\/wp\/v2\/types\/page"}],"author":[{"embeddable":true,"href":"https:\/\/compasshub.eu\/fr\/wp-json\/wp\/v2\/users\/1"}],"replies":[{"embeddable":true,"href":"https:\/\/compasshub.eu\/fr\/wp-json\/wp\/v2\/comments?post=1904"}],"version-history":[{"count":14,"href":"https:\/\/compasshub.eu\/fr\/wp-json\/wp\/v2\/pages\/1904\/revisions"}],"predecessor-version":[{"id":2042,"href":"https:\/\/compasshub.eu\/fr\/wp-json\/wp\/v2\/pages\/1904\/revisions\/2042"}],"wp:attachment":[{"href":"https:\/\/compasshub.eu\/fr\/wp-json\/wp\/v2\/media?parent=1904"}],"curies":[{"name":"wp","href":"https:\/\/api.w.org\/{rel}","templated":true}]}}