{"id":1503,"date":"2022-11-08T20:51:10","date_gmt":"2022-11-08T20:51:10","guid":{"rendered":"https:\/\/compasshub.eu\/pl\/?page_id=1503"},"modified":"2023-06-17T12:22:08","modified_gmt":"2023-06-17T12:22:08","slug":"compass-hub","status":"publish","type":"page","link":"https:\/\/compasshub.eu\/pl\/","title":{"rendered":"Compass Hub &#8211; Discover your political direction"},"content":{"rendered":"\t\t<div data-elementor-type=\"wp-page\" data-elementor-id=\"1503\" class=\"elementor elementor-1503\">\n\t\t\t\t\t\t\t\t\t<section class=\"elementor-section elementor-top-section elementor-element elementor-element-104cb387 elementor-section-content-middle elementor-section-boxed elementor-section-height-default elementor-section-height-default\" data-id=\"104cb387\" data-element_type=\"section\">\n\t\t\t\t\t\t<div class=\"elementor-container elementor-column-gap-no\">\n\t\t\t\t\t<div class=\"elementor-column elementor-col-33 elementor-top-column elementor-element elementor-element-7af1802f\" data-id=\"7af1802f\" data-element_type=\"column\">\n\t\t\t<div class=\"elementor-widget-wrap elementor-element-populated\">\n\t\t\t\t\t\t\t\t<div class=\"elementor-element elementor-element-dbf6b17 elementor-widget elementor-widget-heading\" data-id=\"dbf6b17\" data-element_type=\"widget\" data-widget_type=\"heading.default\">\n\t\t\t\t<div class=\"elementor-widget-container\">\n\t\t\t<style>\/*! elementor - v3.13.2 - 11-05-2023 *\/\n.elementor-heading-title{padding:0;margin:0;line-height:1}.elementor-widget-heading .elementor-heading-title[class*=elementor-size-]>a{color:inherit;font-size:inherit;line-height:inherit}.elementor-widget-heading .elementor-heading-title.elementor-size-small{font-size:15px}.elementor-widget-heading .elementor-heading-title.elementor-size-medium{font-size:19px}.elementor-widget-heading .elementor-heading-title.elementor-size-large{font-size:29px}.elementor-widget-heading .elementor-heading-title.elementor-size-xl{font-size:39px}.elementor-widget-heading .elementor-heading-title.elementor-size-xxl{font-size:59px}<\/style><h3 class=\"elementor-heading-title elementor-size-default\">Sprawd\u017a jak bardzo jeste\u015b podatny na populizm\/teorie spiskowe\/fake newsy<\/h3>\t\t<\/div>\n\t\t\t\t<\/div>\n\t\t\t\t<div class=\"elementor-element elementor-element-7bf4d6bb elementor-widget elementor-widget-text-editor\" data-id=\"7bf4d6bb\" data-element_type=\"widget\" data-widget_type=\"text-editor.default\">\n\t\t\t\t<div class=\"elementor-widget-container\">\n\t\t\t<style>\/*! elementor - v3.13.2 - 11-05-2023 *\/\n.elementor-widget-text-editor.elementor-drop-cap-view-stacked .elementor-drop-cap{background-color:#69727d;color:#fff}.elementor-widget-text-editor.elementor-drop-cap-view-framed .elementor-drop-cap{color:#69727d;border:3px solid;background-color:transparent}.elementor-widget-text-editor:not(.elementor-drop-cap-view-default) .elementor-drop-cap{margin-top:8px}.elementor-widget-text-editor:not(.elementor-drop-cap-view-default) .elementor-drop-cap-letter{width:1em;height:1em}.elementor-widget-text-editor .elementor-drop-cap{float:left;text-align:center;line-height:1;font-size:50px}.elementor-widget-text-editor .elementor-drop-cap-letter{display:inline-block}<\/style>\t\t\t\t<p>Odpowiedz na kilka pyta\u0144<\/p>\t\t\t\t\t\t<\/div>\n\t\t\t\t<\/div>\n\t\t\t\t<div class=\"elementor-element elementor-element-59400b1 elementor-widget elementor-widget-button\" data-id=\"59400b1\" data-element_type=\"widget\" data-widget_type=\"button.default\">\n\t\t\t\t<div class=\"elementor-widget-container\">\n\t\t\t\t\t<div class=\"elementor-button-wrapper\">\n\t\t\t<a href=\"https:\/\/compasshub.eu\/pl\/tool\/\" class=\"elementor-button-link elementor-button elementor-size-lg\" role=\"button\">\n\t\t\t\t\t\t<span class=\"elementor-button-content-wrapper\">\n\t\t\t\t\t\t\t<span class=\"elementor-button-icon elementor-align-icon-right\">\n\t\t\t\t<i aria-hidden=\"true\" class=\"far fa-arrow-alt-circle-right\"><\/i>\t\t\t<\/span>\n\t\t\t\t\t\t<span class=\"elementor-button-text\">Zacznij teraz!<\/span>\n\t\t<\/span>\n\t\t\t\t\t<\/a>\n\t\t<\/div>\n\t\t\t\t<\/div>\n\t\t\t\t<\/div>\n\t\t\t\t<div class=\"elementor-element elementor-element-244ce039 elementor-widget-divider--view-line elementor-widget elementor-widget-divider\" data-id=\"244ce039\" data-element_type=\"widget\" data-widget_type=\"divider.default\">\n\t\t\t\t<div class=\"elementor-widget-container\">\n\t\t\t<style>\/*! elementor - v3.13.2 - 11-05-2023 *\/\n.elementor-widget-divider{--divider-border-style:none;--divider-border-width:1px;--divider-color:#0c0d0e;--divider-icon-size:20px;--divider-element-spacing:10px;--divider-pattern-height:24px;--divider-pattern-size:20px;--divider-pattern-url:none;--divider-pattern-repeat:repeat-x}.elementor-widget-divider .elementor-divider{display:flex}.elementor-widget-divider .elementor-divider__text{font-size:15px;line-height:1;max-width:95%}.elementor-widget-divider .elementor-divider__element{margin:0 var(--divider-element-spacing);flex-shrink:0}.elementor-widget-divider .elementor-icon{font-size:var(--divider-icon-size)}.elementor-widget-divider .elementor-divider-separator{display:flex;margin:0;direction:ltr}.elementor-widget-divider--view-line_icon .elementor-divider-separator,.elementor-widget-divider--view-line_text .elementor-divider-separator{align-items:center}.elementor-widget-divider--view-line_icon .elementor-divider-separator:after,.elementor-widget-divider--view-line_icon .elementor-divider-separator:before,.elementor-widget-divider--view-line_text .elementor-divider-separator:after,.elementor-widget-divider--view-line_text .elementor-divider-separator:before{display:block;content:\"\";border-bottom:0;flex-grow:1;border-top:var(--divider-border-width) var(--divider-border-style) var(--divider-color)}.elementor-widget-divider--element-align-left .elementor-divider .elementor-divider-separator>.elementor-divider__svg:first-of-type{flex-grow:0;flex-shrink:100}.elementor-widget-divider--element-align-left .elementor-divider-separator:before{content:none}.elementor-widget-divider--element-align-left .elementor-divider__element{margin-left:0}.elementor-widget-divider--element-align-right .elementor-divider .elementor-divider-separator>.elementor-divider__svg:last-of-type{flex-grow:0;flex-shrink:100}.elementor-widget-divider--element-align-right .elementor-divider-separator:after{content:none}.elementor-widget-divider--element-align-right .elementor-divider__element{margin-right:0}.elementor-widget-divider:not(.elementor-widget-divider--view-line_text):not(.elementor-widget-divider--view-line_icon) .elementor-divider-separator{border-top:var(--divider-border-width) var(--divider-border-style) var(--divider-color)}.elementor-widget-divider--separator-type-pattern{--divider-border-style:none}.elementor-widget-divider--separator-type-pattern.elementor-widget-divider--view-line .elementor-divider-separator,.elementor-widget-divider--separator-type-pattern:not(.elementor-widget-divider--view-line) .elementor-divider-separator:after,.elementor-widget-divider--separator-type-pattern:not(.elementor-widget-divider--view-line) .elementor-divider-separator:before,.elementor-widget-divider--separator-type-pattern:not([class*=elementor-widget-divider--view]) .elementor-divider-separator{width:100%;min-height:var(--divider-pattern-height);-webkit-mask-size:var(--divider-pattern-size) 100%;mask-size:var(--divider-pattern-size) 100%;-webkit-mask-repeat:var(--divider-pattern-repeat);mask-repeat:var(--divider-pattern-repeat);background-color:var(--divider-color);-webkit-mask-image:var(--divider-pattern-url);mask-image:var(--divider-pattern-url)}.elementor-widget-divider--no-spacing{--divider-pattern-size:auto}.elementor-widget-divider--bg-round{--divider-pattern-repeat:round}.rtl .elementor-widget-divider .elementor-divider__text{direction:rtl}.e-con-inner>.elementor-widget-divider,.e-con>.elementor-widget-divider{width:var(--container-widget-width,100%);--flex-grow:var(--container-widget-flex-grow)}<\/style>\t\t<div class=\"elementor-divider\">\n\t\t\t<span class=\"elementor-divider-separator\">\n\t\t\t\t\t\t<\/span>\n\t\t<\/div>\n\t\t\t\t<\/div>\n\t\t\t\t<\/div>\n\t\t\t\t\t<\/div>\n\t\t<\/div>\n\t\t\t\t<div class=\"elementor-column elementor-col-33 elementor-top-column elementor-element elementor-element-9d0a5bb\" data-id=\"9d0a5bb\" data-element_type=\"column\">\n\t\t\t<div class=\"elementor-widget-wrap elementor-element-populated\">\n\t\t\t\t\t\t\t\t<div class=\"elementor-element elementor-element-33b2cd16 elementor-widget elementor-widget-image\" data-id=\"33b2cd16\" data-element_type=\"widget\" data-widget_type=\"image.default\">\n\t\t\t\t<div class=\"elementor-widget-container\">\n\t\t\t<style>\/*! elementor - v3.13.2 - 11-05-2023 *\/\n.elementor-widget-image{text-align:center}.elementor-widget-image a{display:inline-block}.elementor-widget-image a img[src$=\".svg\"]{width:48px}.elementor-widget-image img{vertical-align:middle;display:inline-block}<\/style>\t\t\t\t\t\t\t\t\t\t\t\t<img decoding=\"async\" width=\"1000\" height=\"1333\" src=\"https:\/\/compasshub.eu\/pl\/wp-content\/uploads\/2023\/05\/politician-with-hands-raised-2022-03-08-00-23-03-utc.jpeg\" class=\"elementor-animation-grow attachment-full size-full wp-image-1942\" alt=\"\" srcset=\"https:\/\/compasshub.eu\/pl\/wp-content\/uploads\/2023\/05\/politician-with-hands-raised-2022-03-08-00-23-03-utc.jpeg 1000w, https:\/\/compasshub.eu\/pl\/wp-content\/uploads\/2023\/05\/politician-with-hands-raised-2022-03-08-00-23-03-utc-225x300.jpeg 225w, https:\/\/compasshub.eu\/pl\/wp-content\/uploads\/2023\/05\/politician-with-hands-raised-2022-03-08-00-23-03-utc-768x1024.jpeg 768w, https:\/\/compasshub.eu\/pl\/wp-content\/uploads\/2023\/05\/politician-with-hands-raised-2022-03-08-00-23-03-utc-900x1200.jpeg 900w\" sizes=\"(max-width: 1000px) 100vw, 1000px\" \/>\t\t\t\t\t\t\t\t\t\t\t\t\t\t\t<\/div>\n\t\t\t\t<\/div>\n\t\t\t\t<div class=\"elementor-element elementor-element-4d37cdbf elementor-widget elementor-widget-text-editor\" data-id=\"4d37cdbf\" data-element_type=\"widget\" data-widget_type=\"text-editor.default\">\n\t\t\t\t<div class=\"elementor-widget-container\">\n\t\t\t\t\t\t\t<div id=\"formula-bar-name-box-wrapper\" class=\"name-box-enabled formula-bar-with-name-box-wrapper\"><div id=\"formula-bar\" class=\"formula-bar formulabar-disabled\"><div id=\"t-formula-bar-input-container\"><div dir=\"ltr\"><div id=\"t-formula-bar-input\" spellcheck=\"false\"><div class=\"cell-input disabled-input\" dir=\"ltr\" tabindex=\"0\" role=\"combobox\" contenteditable=\"false\" aria-autocomplete=\"list\">Odkrywaj\u0105c czy jeste\u015b podatny na populizm b\u0119dziesz m\u00f3g\u0142\/mog\u0142a zachowa\u0107 niezale\u017cno\u015b\u0107 my\u015blenia, rozwin\u0105\u0107 swoje krytyczne my\u015blenie, unikn\u0105\u0107 manipulacji i utrzyma\u0107 realistyczne oczekiwania wzgl\u0119dem polityki i spo\u0142ecze\u0144stwa.<\/div><\/div><\/div><\/div><\/div><\/div>\t\t\t\t\t\t<\/div>\n\t\t\t\t<\/div>\n\t\t\t\t\t<\/div>\n\t\t<\/div>\n\t\t\t\t<div class=\"elementor-column elementor-col-33 elementor-top-column elementor-element elementor-element-2add7fec\" data-id=\"2add7fec\" data-element_type=\"column\">\n\t\t\t<div class=\"elementor-widget-wrap elementor-element-populated\">\n\t\t\t\t\t\t\t\t<div class=\"elementor-element elementor-element-661534ba elementor-widget elementor-widget-text-editor\" data-id=\"661534ba\" data-element_type=\"widget\" data-widget_type=\"text-editor.default\">\n\t\t\t\t<div class=\"elementor-widget-container\">\n\t\t\t\t\t\t\t<p><span style=\"font-weight: 400;\">Przez odkrycie swojej podatno\u015bci na populizm b\u0119dziesz m\u00f3g\u0142\/mog\u0142a zapobiega\u0107 nap\u0119dzaniu spo\u0142ecznych podzia\u0142\u00f3w<\/span><span style=\"font-weight: 400;\">,<\/span><span style=\"font-weight: 400;\"> a wi\u0119c przyczyni\u0107 si\u0119 do bardziej zjednoczonego i otwartego spo\u0142ecze\u0144stwa.<\/span><\/p>\t\t\t\t\t\t<\/div>\n\t\t\t\t<\/div>\n\t\t\t\t<div class=\"elementor-element elementor-element-6a784430 elementor-widget elementor-widget-image\" data-id=\"6a784430\" data-element_type=\"widget\" data-widget_type=\"image.default\">\n\t\t\t\t<div class=\"elementor-widget-container\">\n\t\t\t\t\t\t\t\t\t\t\t\t\t\t\t<img decoding=\"async\" width=\"1000\" height=\"1500\" src=\"https:\/\/compasshub.eu\/pl\/wp-content\/uploads\/2023\/05\/camera-recording-presentation-speaker.jpg\" class=\"elementor-animation-grow attachment-full size-full wp-image-1943\" alt=\"\" srcset=\"https:\/\/compasshub.eu\/pl\/wp-content\/uploads\/2023\/05\/camera-recording-presentation-speaker.jpg 1000w, https:\/\/compasshub.eu\/pl\/wp-content\/uploads\/2023\/05\/camera-recording-presentation-speaker-200x300.jpg 200w, https:\/\/compasshub.eu\/pl\/wp-content\/uploads\/2023\/05\/camera-recording-presentation-speaker-683x1024.jpg 683w, https:\/\/compasshub.eu\/pl\/wp-content\/uploads\/2023\/05\/camera-recording-presentation-speaker-768x1152.jpg 768w, https:\/\/compasshub.eu\/pl\/wp-content\/uploads\/2023\/05\/camera-recording-presentation-speaker-618x927.jpg 618w, https:\/\/compasshub.eu\/pl\/wp-content\/uploads\/2023\/05\/camera-recording-presentation-speaker-900x1350.jpg 900w\" sizes=\"(max-width: 1000px) 100vw, 1000px\" \/>\t\t\t\t\t\t\t\t\t\t\t\t\t\t\t<\/div>\n\t\t\t\t<\/div>\n\t\t\t\t\t<\/div>\n\t\t<\/div>\n\t\t\t\t\t\t\t<\/div>\n\t\t<\/section>\n\t\t\t\t\t\t\t<\/div>\n\t\t","protected":false},"excerpt":{"rendered":"<p>Sprawd\u017a jak bardzo jeste\u015b podatny na populizm\/teorie spiskowe\/fake newsy Odpowiedz na kilka pyta\u0144 Zacznij teraz!&#8230; <\/p>\n<div class=\"readmore\"><a href=\"https:\/\/compasshub.eu\/pl\/\" class=\"lnk-default2\">View more<i class=\"la la-arrow-right\"><\/i><\/a><\/div>\n","protected":false},"author":1,"featured_media":1833,"parent":0,"menu_order":0,"comment_status":"closed","ping_status":"closed","template":"elementor_header_footer","meta":[],"acf":[],"_links":{"self":[{"href":"https:\/\/compasshub.eu\/pl\/wp-json\/wp\/v2\/pages\/1503"}],"collection":[{"href":"https:\/\/compasshub.eu\/pl\/wp-json\/wp\/v2\/pages"}],"about":[{"href":"https:\/\/compasshub.eu\/pl\/wp-json\/wp\/v2\/types\/page"}],"author":[{"embeddable":true,"href":"https:\/\/compasshub.eu\/pl\/wp-json\/wp\/v2\/users\/1"}],"replies":[{"embeddable":true,"href":"https:\/\/compasshub.eu\/pl\/wp-json\/wp\/v2\/comments?post=1503"}],"version-history":[{"count":133,"href":"https:\/\/compasshub.eu\/pl\/wp-json\/wp\/v2\/pages\/1503\/revisions"}],"predecessor-version":[{"id":2026,"href":"https:\/\/compasshub.eu\/pl\/wp-json\/wp\/v2\/pages\/1503\/revisions\/2026"}],"wp:featuredmedia":[{"embeddable":true,"href":"https:\/\/compasshub.eu\/pl\/wp-json\/wp\/v2\/media\/1833"}],"wp:attachment":[{"href":"https:\/\/compasshub.eu\/pl\/wp-json\/wp\/v2\/media?parent=1503"}],"curies":[{"name":"wp","href":"https:\/\/api.w.org\/{rel}","templated":true}]}}